{"id":24,"date":"2011-03-26T17:04:42","date_gmt":"2011-03-26T17:04:42","guid":{"rendered":"http:\/\/lettresoubliees1418.fr\/wordpress\/?page_id=24"},"modified":"2011-06-27T12:53:58","modified_gmt":"2011-06-27T10:53:58","slug":"chronologie","status":"publish","type":"page","link":"https:\/\/lettresoubliees1418.fr\/wordpress\/chronologie\/","title":{"rendered":"Chronologie"},"content":{"rendered":"<h4><span style=\"color: #800080;\"><strong>1914<\/strong><\/span><\/h4>\n<p><strong>28 juin : Assassinat<\/strong> de l\u2019<a href=\"http:\/\/fr.wikipedia.org\/wiki\/Fran%C3%A7ois-Ferdinand_d%27Autriche\" target=\"_blank\">archiduc Fran\u00e7ois-Ferdinand<\/a>, h\u00e9ritier du tr\u00f4ne d\u2019Autriche-Hongrie, \u00e0 Sarajevo.<br \/>\nEn repr\u00e9sailles \u00e0 ce meurtre, Vienne adresse un ultimatum<br \/>\n\u00e0 la Serbie le 23 juillet et lui d\u00e9clare la guerre le 28.<\/p>\n<p><strong>1er ao\u00fbt : Mobilisation<\/strong> g\u00e9n\u00e9rale en Allemagne et en France. L&rsquo;Allemagne d\u00e9clare la guerre \u00e0 la Russie.<\/p>\n<p><strong>2 ao\u00fbt :<\/strong> La Belgique, neutre, est envahie par les troupes allemandes.<\/p>\n<p><strong>3 ao\u00fbt : l\u2019Allemagne d\u00e9clare la guerre \u00e0 la France<\/strong><\/p>\n<p><strong>4 ao\u00fbt : la Grande-Bretagne d\u00e9clare la guerre \u00e0 l&rsquo;Allemagne<\/strong><\/p>\n<p><strong>2 septembre : <\/strong>les Allemands sont \u00e0 25 km de Paris. Le gouvernement se r\u00e9fugie \u00e0 Bordeaux.<strong><br \/>\n<\/strong><\/p>\n<p><strong>6-13 septembre : la<\/strong><strong> <a href=\"http:\/\/fr.wikipedia.org\/wiki\/Premi%C3%A8re_bataille_de_la_Marne\" target=\"_blank\">bataille de la Marne<\/a><\/strong><br \/>\nL\u2019arm\u00e9e fran\u00e7aise arr\u00eate les Allemands sur les bords de la Marne,<br \/>\n\u00e0 quelques dizaines de kilom\u00e8tres de Paris. Sur le front Ouest, d\u00e8s la fin de<br \/>\nl\u2019automne, les troupes s\u2019enterrent dans les tranch\u00e9es.<\/p>\n<p>Fin septembre &#8211; mi-novembre : d\u00e9but de la guerre de position sur le front occidental.<\/p>\n<h4><span style=\"color: #800080;\"><strong>1915<\/strong><\/span><\/h4>\n<p>Mi-f\u00e9vrier mi mars : offensive fran\u00e7aise en Champagne.<\/p>\n<p><strong>22 avril : premi\u00e8re utilisation de l\u2019arme chimique<\/strong> dans l\u2019histoire<br \/>\nLes troupes allemandes envoient des nappes de chlore sur les tranch\u00e9es fran\u00e7aises, canadiennes et belges.<\/p>\n<p>9 mai-18 juin : offensive fran\u00e7aise en Artois.<\/p>\n<p><strong>23 mai :<\/strong> l&rsquo;Italie entre en guerre aux c\u00f4t\u00e9s des Alli\u00e9s.<\/p>\n<p>25 septembre-1er novembre : offensive fran\u00e7aise en Champagne et franco-britannique en Artois.<\/p>\n<p>28 octobre : d\u00e9mission du gouvernement Viviani en France. Briand lui succ\u00e8de.<\/p>\n<h4><span style=\"color: #800080;\"><strong>1916<\/strong><\/span><\/h4>\n<p><strong>21 f\u00e9vrier-18 d\u00e9cembre : la <a href=\"http:\/\/fr.wikipedia.org\/wiki\/Bataille_de_Verdun\" target=\"_blank\">bataille de Verdun<\/a><\/strong><\/p>\n<p><strong>1er juillet :<\/strong> offensive franco-britannique sur la Somme, jusqu&rsquo;au 18 novembre.<\/p>\n<p>15 septembre : premi\u00e8res utilisations des chars d&rsquo;assaut par les Britanniques, \u00e0 Flers, dans la Somme.<\/p>\n<p><strong>24 octobre :<\/strong> les Fran\u00e7ais reprennent le fort de Douaumont, puis le fort de Vaux (le 2 novembre) dans le secteur de Verdun.<\/p>\n<p>13-25 d\u00e9cembre : Nivelle nomm\u00e9 \u00e0 la t\u00eate des arm\u00e9es fran\u00e7aises, en  remplacement de Joffre fait mar\u00e9chal de France le 26 d\u00e9cembre.<\/p>\n<p><strong>15 d\u00e9cembre<\/strong> : <a href=\"http:\/\/fr.wikipedia.org\/wiki\/Henri_Barbusse\" target=\"_blank\">Henri Barbusse<\/a> re\u00e7oit le prix Goncourt pour <em>Le Feu<\/em>.<br \/>\nEngag\u00e9 volontaire en 1914, puis pacifiste convaincu, Henri Barbusse<br \/>\nsigne l\u2019un des tout premiers t\u00e9moignages de v\u00e9t\u00e9rans des tranch\u00e9es.<\/p>\n<h4><span style=\"color: #800080;\"><strong>1917<\/strong><\/span><\/h4>\n<p>8 janvier : vague de gr\u00e8ves en France, notamment dans les usines d&rsquo;armement.<\/p>\n<p>F\u00e9vrier : r\u00e9volte populaire en Russie.<\/p>\n<p>2 mars : le tsar Nicolas II abdique.<\/p>\n<p>Mars 1917 : crise minist\u00e9rielle en France. Fin du gouvernement Briand.<\/p>\n<p>11 mars : prise de Bagdad par les Anglais.<\/p>\n<p>17 mars : le zeppelin LZ86 (L39) est abattu par l&rsquo;artillerie fran\u00e7aise au-dessus de Compi\u00e8gne.<\/p>\n<p><strong>6 avril : entr\u00e9e en guerre des Etats-Unis<\/strong><br \/>\nWashington sort de sa neutralit\u00e9 prudente pour s\u2019engager aux c\u00f4t\u00e9s<br \/>\ndes forces de l\u2019Entente.<\/p>\n<p><strong>17 avril : premi\u00e8res mutineries dans l\u2019arm\u00e9e fran\u00e7aise<\/strong><br \/>\nLors de la sanglante <a href=\"http:\/\/fr.wikipedia.org\/wiki\/Bataille_du_Chemin_des_Dames\" target=\"_blank\">offensive du Chemin des Dames<\/a> (Aisne),<br \/>\ncommand\u00e9e par le g\u00e9n\u00e9ral Nivelle, des unit\u00e9s compl\u00e8tes, soit<br \/>\n30 \u00e0 40 000 soldats, refusent de monter en ligne. Une trentaine<br \/>\nde poilus sont fusill\u00e9s.<\/p>\n<p><strong>15 mai :<\/strong> P\u00e9tain remplace Nivelle.<\/p>\n<p>Fin mai &#8211; d\u00e9but juin : mutineries dans l&rsquo;arm\u00e9e fran\u00e7aise.<\/p>\n<p><strong>12-13 juillet :<\/strong> premi\u00e8re utilisation par les Allemands du gaz moutarde, ou yp\u00e9rite.<\/p>\n<p><strong>6-7 novembre<\/strong> (24 octobre selon l\u2019ancien calendrier russe) :<br \/>\n<a href=\"http:\/\/fr.wikipedia.org\/wiki\/R%C3%A9volution_d%27Octobre\" target=\"_blank\"><strong>R\u00e9volution d\u2019Octobre<\/strong><\/a><br \/>\nLes bolcheviks prennent le pouvoir \u00e0 Petrograd.<\/p>\n<p><strong>16 novembre :<\/strong> Cl\u00e9menceau, pr\u00e9sident du Conseil.<\/p>\n<h4><span style=\"color: #800080;\"><strong>1918<\/strong><\/span><\/h4>\n<p><strong>8 janvier : les 14 points du <a href=\"http:\/\/fr.wikipedia.org\/wiki\/Woodrow_Wilson#1918\" target=\"_blank\">pr\u00e9sident Wilson<\/a><\/strong><br \/>\nLe pr\u00e9sident am\u00e9ricain expose ses buts de guerre.<\/p>\n<p><strong>Mars-juillet : derni\u00e8res offensives allemandes<\/strong><\/p>\n<p><strong>23 mars : <\/strong>bombardement allemand sur Paris.<\/p>\n<p>9 avril : offensive allemande en Flandres.<\/p>\n<p>14 avril : Foch prend le commandement interalli\u00e9.<\/p>\n<p>27 avril : offensive allemande au Chemin des Dames.<\/p>\n<p>15 juillet : \u00e9chec allemand en Champagne.<\/p>\n<p>18 juillet : Contre-offensive fran\u00e7aise sur la Marne.<\/p>\n<p>Octobre : d\u00e9but de l&rsquo;\u00e9pid\u00e9mie de grippe espagnole.<\/p>\n<p>3 octobre : Max de Bade, chancelier allemand. Les n\u00e9gociations d&rsquo;armistice d\u00e9butent entre les Etats bellig\u00e9rants.<\/p>\n<p><strong>11 novembre : <a href=\"http:\/\/fr.wikipedia.org\/wiki\/Armistice_de_1918\" target=\"_blank\">armistice<\/a> franco-allemand de Rethondes.<\/strong><br \/>\nLa guerre a fait plus de 10 millions de morts au total, dont<br \/>\n1,4 million de Fran\u00e7ais.<\/p>\n<h4><span style=\"color: #800080;\"><strong>1919<\/strong><\/span><\/h4>\n<p><strong>28 juin : signature du <a href=\"http:\/\/fr.wikipedia.org\/wiki\/Trait%C3%A9_de_Versailles\" target=\"_blank\">trait\u00e9 de Versailles<\/a><\/strong>.<\/p>\n<p>14 juillet : d\u00e9fil\u00e9 de la victoire des troupes alli\u00e9es sur les Champs-Elys\u00e9es.<\/p>\n<br \/><g:plusone size=\"\" href=\"https%3A%2F%2Flettresoubliees1418.fr%2Fwordpress%2Fchronologie%2F\"><\/g:plusone>","protected":false},"excerpt":{"rendered":"<p>1914 28 juin : Assassinat de l\u2019archiduc Fran\u00e7ois-Ferdinand, h\u00e9ritier du tr\u00f4ne d\u2019Autriche-Hongrie, \u00e0 Sarajevo. En repr\u00e9sailles \u00e0 ce meurtre, Vienne adresse un ultimatum \u00e0 la Serbie le 23 juillet et lui d\u00e9clare la guerre le 28. 1er ao\u00fbt : Mobilisation &hellip; <a href=\"https:\/\/lettresoubliees1418.fr\/wordpress\/chronologie\/\">Continue reading <span class=\"meta-nav\">&rarr;<\/span><\/a><\/p>\n","protected":false},"author":1,"featured_media":0,"parent":0,"menu_order":3,"comment_status":"open","ping_status":"open","template":"","meta":[],"_links":{"self":[{"href":"https:\/\/lettresoubliees1418.fr\/wordpress\/wp-json\/wp\/v2\/pages\/24"}],"collection":[{"href":"https:\/\/lettresoubliees1418.fr\/wordpress\/wp-json\/wp\/v2\/pages"}],"about":[{"href":"https:\/\/lettresoubliees1418.fr\/wordpress\/wp-json\/wp\/v2\/types\/page"}],"author":[{"embeddable":true,"href":"https:\/\/lettresoubliees1418.fr\/wordpress\/wp-json\/wp\/v2\/users\/1"}],"replies":[{"embeddable":true,"href":"https:\/\/lettresoubliees1418.fr\/wordpress\/wp-json\/wp\/v2\/comments?post=24"}],"version-history":[{"count":5,"href":"https:\/\/lettresoubliees1418.fr\/wordpress\/wp-json\/wp\/v2\/pages\/24\/revisions"}],"predecessor-version":[{"id":774,"href":"https:\/\/lettresoubliees1418.fr\/wordpress\/wp-json\/wp\/v2\/pages\/24\/revisions\/774"}],"wp:attachment":[{"href":"https:\/\/lettresoubliees1418.fr\/wordpress\/wp-json\/wp\/v2\/media?parent=24"}],"curies":[{"name":"wp","href":"https:\/\/api.w.org\/{rel}","templated":true}]}}