{"id":34,"date":"2011-03-26T17:10:21","date_gmt":"2011-03-26T17:10:21","guid":{"rendered":"http:\/\/lettresoubliees1418.fr\/wordpress\/?page_id=34"},"modified":"2011-04-13T09:08:44","modified_gmt":"2011-04-13T09:08:44","slug":"premiere-guerre-mondiale-1914-1918","status":"publish","type":"page","link":"http:\/\/lettresoubliees1418.fr\/wordpress\/premiere-guerre-mondiale-1914-1918\/","title":{"rendered":"Premi\u00e8re Guerre Mondiale 1914-1918"},"content":{"rendered":"<p><span style=\"color: #800080;\"><strong>Pour s&rsquo;informer sur la Premi\u00e8re Guerre Mondiale<\/strong><\/span><\/p>\n<h4><strong>Bibliographie<\/strong><\/h4>\n<p><strong>Ouvrages g\u00e9n\u00e9raux<\/strong><\/p>\n<p>Duroselle Jean-Baptiste ,<em> La Grande Guerre des Fran\u00e7ais<\/em>, Perrin, coll. \u00ab\u00a0Tempus\u00a0\u00bb, 23 janvier 2003, 515 p.<\/p>\n<p>Ferro Marc, <em>La Grande Guerre<\/em>, Gallimard, Collection \u00ab\u00a0Folio Histoire\u00a0\u00bb, Paris, 1990 (1969).<\/p>\n<p>Keegan John, <em>La Premi\u00e8re Guerre mondiale<\/em>, Perrin, Paris, 2003 (1998).<\/p>\n<p>Miquel Pierre, <em>La Grande Guerre<\/em>, Fayard, Paris, 1983.<\/p>\n<p>Renouvin Pierre, <em>La Crise europ\u00e9enne et la Premi\u00e8re Guerre mondiale (1904-1918)<\/em>, Presses Universitaires de France, Collection \u00ab\u00a0Peuples et Civilisations\u00a0\u00bb, Paris, 1969 (1934).<\/p>\n<p>Vallaud Pierre, <em>14-18, La Premi\u00e8re Guerre mondiale<\/em>, 2 volumes, Fayard, Paris, 2004.<\/p>\n<p><strong>T\u00e9moignages<\/strong><\/p>\n<p><span style=\"color: #800080;\"><strong><a rel=\"attachment wp-att-341\" href=\"http:\/\/lettresoubliees1418.fr\/wordpress\/premiere-guerre-mondiale-1914-1918\/erich-remarque-a-louest-rien-de-nouveau\/\"><img loading=\"lazy\" class=\"alignleft size-thumbnail wp-image-341\" title=\"Erich Remarque - A l'ouest rien de nouveau\" src=\"http:\/\/lettresoubliees1418.fr\/wordpress\/wp-content\/uploads\/2011\/03\/Erich-Remarque-A-louest-rien-de-nouveau-97x150.jpg\" alt=\"Erich Remarque - A l'ouest rien de nouveau\" width=\"97\" height=\"150\" srcset=\"http:\/\/lettresoubliees1418.fr\/wordpress\/wp-content\/uploads\/2011\/03\/Erich-Remarque-A-louest-rien-de-nouveau-97x150.jpg 97w, http:\/\/lettresoubliees1418.fr\/wordpress\/wp-content\/uploads\/2011\/03\/Erich-Remarque-A-louest-rien-de-nouveau-195x300.jpg 195w, http:\/\/lettresoubliees1418.fr\/wordpress\/wp-content\/uploads\/2011\/03\/Erich-Remarque-A-louest-rien-de-nouveau.jpg 400w\" sizes=\"(max-width: 97px) 100vw, 97px\" \/><\/a><\/strong><\/span>Gu\u00e9no Jean-Pierre, Laplume Yves, <em>Paroles de poilus, lettres et carnets du front, 1914-1918<\/em>, Librio, 1998<\/p>\n<p>Maufrais Louis, <em>J&rsquo;\u00e9tais m\u00e9decin dans les tranch\u00e9es<\/em>, Robert Laffont, 330 p.<\/p>\n<p>Remarque Erich Maria , <em>A l&rsquo;Ouest rien de nouveau<\/em>, Livre de Poche, 1990<\/p>\n<p><a title=\"Bibliographie Crid 14-18\" href=\"http:\/\/www.crid1418.org\/temoins\/bibliographie-2\/\" target=\"_blank\">Bibliographie du Crid 14-18 sur la th\u00e9matique du t\u00e9moignage<\/a><\/p>\n<h4><strong>Sites Internet<\/strong><\/h4>\n<p><a href=\"http:\/\/www.memoiredeshommes.sga.defense.gouv.fr\/spip.php?rubrique16\" target=\"_blank\">SGA \/ M\u00e9moire des hommes<\/a><\/p>\n<p><a href=\"http:\/\/www.cheminsdememoire.gouv.fr\/page\/affichepage.php?idLang=fr&amp;idPage=86\" target=\"_blank\">Chemins de m\u00e9moire<\/a><\/p>\n<p><a href=\"http:\/\/www.curiosphere.tv\/guerre14_18\/index.htm\" target=\"_blank\">Site p\u00e9dagogique propos\u00e9 par France 5 Education<\/a><\/p>\n<p><a href=\"http:\/\/www.herodote.net\/histoire\/synthese.php?ID=60\" target=\"_blank\">H\u00e9rodote.net<\/a><\/p>\n<p><a href=\"http:\/\/www.grande-guerre.org\/index.php\" target=\"_blank\">Editions Anovi : La Grande Guerre<\/a><\/p>\n<p><a href=\"http:\/\/www.memo.fr\/dossier.asp?ID=30\" target=\"_blank\">MEMO<\/a><\/p>\n<p><a href=\"http:\/\/www.premiere-guerre-mondiale-1914-1918.com\/accueil.html\" target=\"_blank\">Guerre de 1914-1918<\/a><\/p>\n<p><a href=\"http:\/\/www.histoirealacarte.com\/carte\/6-premiere-guerre-mondiale.php\" target=\"_blank\">L&rsquo;histoire \u00e0 la carte<\/a><\/p>\n<p><a title=\"Vid\u00e9os sur 14-18\" href=\"http:\/\/www.ina.fr\/histoire-et-conflits\/autres-conflits\/video\/AFE86001303\/il-y-a-50-ans-prenait-fin-la-premiere-guerre-mondiale.fr.html\" target=\"_blank\">INA.fr<\/a> \u00ab\u00a0Histoire et conflit\u00a0\u00bb<\/p>\n<p><a href=\"http:\/\/www.ladocumentationfrancaise.fr\/dossiers\/premiere-guerre-mondiale\/index.shtml\" target=\"_blank\">La Documentation fran\u00e7aise<\/a><\/p>\n<p><a title=\"Dossier sur la Premi\u00e8re Guerre Mondiale\" href=\"http:\/\/www.numerique.culture.fr\/mpf\/pub-fr\/dossier-guerre14-18.html?from1=dosguerre14-181\" target=\"_blank\">Patrimoine num\u00e9rique<\/a><\/p>\n<p><a title=\"Croquis et dessins de 14-18\" href=\"http:\/\/www.dessins1418.fr\/\" target=\"_blank\">La Grande Guerre en dessins<\/a><\/p>\n<p><a title=\"D\u00e9finition\" href=\"http:\/\/www.larousse.fr\/encyclopedie\/divers\/Guerre_mondiale\/122569\" target=\"_blank\">Larousse<\/a><\/p>\n<p><a title=\"Dossier sur la Premi\u00e8re Guerre Mondiale -anecdotes\" href=\"http:\/\/www.histoire-en-questions.fr\/premiere-guerre-mondiale.html\" target=\"_blank\">Histoire en questions<\/a><\/p>\n<p><a title=\"Chronologie de 14-18\" href=\"http:\/\/www.assemblee-nationale.fr\/histoire\/guerre_14-18\/chronologie.asp\" target=\"_blank\">Assembl\u00e9e nationale<\/a><\/p>\n<p><a href=\"http:\/\/www.crid1418.org\/temoins\/category\/type-de-temoignage\/correspondance-unique\/\" target=\"_blank\">T\u00e9moignages de 1914-1918<\/a><\/p>\n<p><a title=\"site institutionnel du mus\u00e9e\" href=\"http:\/\/www.historial.org\/\" target=\"_blank\">L&rsquo;historial de la Grande Guerre<\/a><\/p>\n<p><a title=\"Douaumont\" href=\"http:\/\/www.verdun-douaumont.com\/fr\/index.html\" target=\"_blank\">L&rsquo;Ossuaire de Douaumont<\/a><\/p>\n<p><strong>Pages r\u00e9alis\u00e9es par des internautes<\/strong><\/p>\n<p><a href=\"http:\/\/www.lesfrancaisaverdun-1916.fr\/\" target=\"_blank\">Les Fran\u00e7ais \u00e0 verdun 1916<\/a><\/p>\n<p><a href=\"http:\/\/www.birgy14-18.com\/\" target=\"_blank\">Michel Birgy &#8211; Premi\u00e8re Guerre Mondiale<\/a><\/p>\n<p><strong>Correspondances en ligne<\/strong><\/p>\n<p><a title=\"Cartes postales\" href=\"http:\/\/albumdeguerre14.free.fr\/index.html\" target=\"_blank\">Album de guerre<\/a><\/p>\n<p><a title=\"Cartes\" href=\"http:\/\/www.photoethistoire.eu\/blogs\/blog1.php\/2010\/03\/01\/la-correspondance-militaire-en-14-18\" target=\"_blank\">Mes chemins de m\u00e9moire<\/a><\/p>\n<p><a title=\"@ssociation 1914-1918\" href=\"http:\/\/www.association14-18.org\/documents\/augustin.htm\" target=\"_blank\">Correspondance d&rsquo;Augustin Salles<\/a><\/p>\n<br \/><g:plusone size=\"\" href=\"http%3A%2F%2Flettresoubliees1418.fr%2Fwordpress%2Fpremiere-guerre-mondiale-1914-1918%2F\"><\/g:plusone>","protected":false},"excerpt":{"rendered":"<p>Pour s&rsquo;informer sur la Premi\u00e8re Guerre Mondiale Bibliographie Ouvrages g\u00e9n\u00e9raux Duroselle Jean-Baptiste , La Grande Guerre des Fran\u00e7ais, Perrin, coll. \u00ab\u00a0Tempus\u00a0\u00bb, 23 janvier 2003, 515 p. Ferro Marc, La Grande Guerre, Gallimard, Collection \u00ab\u00a0Folio Histoire\u00a0\u00bb, Paris, 1990 (1969). Keegan John, &hellip; <a href=\"http:\/\/lettresoubliees1418.fr\/wordpress\/premiere-guerre-mondiale-1914-1918\/\">Continue reading <span class=\"meta-nav\">&rarr;<\/span><\/a><\/p>\n","protected":false},"author":1,"featured_media":0,"parent":0,"menu_order":6,"comment_status":"open","ping_status":"open","template":"","meta":[],"_links":{"self":[{"href":"http:\/\/lettresoubliees1418.fr\/wordpress\/wp-json\/wp\/v2\/pages\/34"}],"collection":[{"href":"http:\/\/lettresoubliees1418.fr\/wordpress\/wp-json\/wp\/v2\/pages"}],"about":[{"href":"http:\/\/lettresoubliees1418.fr\/wordpress\/wp-json\/wp\/v2\/types\/page"}],"author":[{"embeddable":true,"href":"http:\/\/lettresoubliees1418.fr\/wordpress\/wp-json\/wp\/v2\/users\/1"}],"replies":[{"embeddable":true,"href":"http:\/\/lettresoubliees1418.fr\/wordpress\/wp-json\/wp\/v2\/comments?post=34"}],"version-history":[{"count":12,"href":"http:\/\/lettresoubliees1418.fr\/wordpress\/wp-json\/wp\/v2\/pages\/34\/revisions"}],"predecessor-version":[{"id":419,"href":"http:\/\/lettresoubliees1418.fr\/wordpress\/wp-json\/wp\/v2\/pages\/34\/revisions\/419"}],"wp:attachment":[{"href":"http:\/\/lettresoubliees1418.fr\/wordpress\/wp-json\/wp\/v2\/media?parent=34"}],"curies":[{"name":"wp","href":"https:\/\/api.w.org\/{rel}","templated":true}]}}