{"id":27,"date":"2011-03-26T17:05:46","date_gmt":"2011-03-26T17:05:46","guid":{"rendered":"http:\/\/lettresoubliees1418.fr\/wordpress\/?page_id=27"},"modified":"2011-03-27T21:36:27","modified_gmt":"2011-03-27T21:36:27","slug":"illustrations","status":"publish","type":"page","link":"http:\/\/lettresoubliees1418.fr\/wordpress\/illustrations\/","title":{"rendered":"Illustrations"},"content":{"rendered":"<p><span style=\"color: #888888;\"><strong>Un  des descendants de Marcel et Emilie Sibaud a souhait\u00e9 contribuer au  site et nous consacrons \u00e0 son travail cette page \u00ab\u00a0Illustrations\u00a0\u00bb.<\/strong><\/span><\/p>\n<p><span style=\"color: #888888;\"><strong>Un grand merci \u00e0 Yves Fran\u00e7ois.<\/strong><\/span><\/p>\n<p><span style=\"color: #888888;\">Si d&rsquo;autres illustrateurs se sentent l&rsquo;\u00e2me cr\u00e9atrice, ils sont les bienvenus !<\/span><strong><\/strong><\/p>\n<p><strong>\n\t\t<style type=\"text\/css\">\n\t\t\t#gallery-1 {\n\t\t\t\tmargin: auto;\n\t\t\t}\n\t\t\t#gallery-1 .gallery-item {\n\t\t\t\tfloat: left;\n\t\t\t\tmargin-top: 10px;\n\t\t\t\ttext-align: center;\n\t\t\t\twidth: 33%;\n\t\t\t}\n\t\t\t#gallery-1 img {\n\t\t\t\tborder: 2px solid #cfcfcf;\n\t\t\t}\n\t\t\t#gallery-1 .gallery-caption {\n\t\t\t\tmargin-left: 0;\n\t\t\t}\n\t\t\t\/* see gallery_shortcode() in wp-includes\/media.php *\/\n\t\t<\/style>\n\t\t<div id='gallery-1' class='gallery galleryid-27 gallery-columns-3 gallery-size-thumbnail'><dl class='gallery-item'>\n\t\t\t<dt class='gallery-icon portrait'>\n\t\t\t\t<a href='http:\/\/lettresoubliees1418.fr\/wordpress\/illustrations\/femme-et-soldat-800x600\/'><img width=\"116\" height=\"150\" src=\"http:\/\/lettresoubliees1418.fr\/wordpress\/wp-content\/uploads\/2011\/03\/femme-et-soldat-800x600-116x150.jpg\" class=\"attachment-thumbnail size-thumbnail\" alt=\"femme et soldat\" loading=\"lazy\" srcset=\"http:\/\/lettresoubliees1418.fr\/wordpress\/wp-content\/uploads\/2011\/03\/femme-et-soldat-800x600-116x150.jpg 116w, http:\/\/lettresoubliees1418.fr\/wordpress\/wp-content\/uploads\/2011\/03\/femme-et-soldat-800x600-232x300.jpg 232w, http:\/\/lettresoubliees1418.fr\/wordpress\/wp-content\/uploads\/2011\/03\/femme-et-soldat-800x600.jpg 464w\" sizes=\"(max-width: 116px) 100vw, 116px\" \/><\/a>\n\t\t\t<\/dt><\/dl><dl class='gallery-item'>\n\t\t\t<dt class='gallery-icon portrait'>\n\t\t\t\t<a href='http:\/\/lettresoubliees1418.fr\/wordpress\/illustrations\/soldat-lecture-640x480\/'><img width=\"98\" height=\"150\" src=\"http:\/\/lettresoubliees1418.fr\/wordpress\/wp-content\/uploads\/2011\/03\/soldat-lecture-640x480-98x150.jpg\" class=\"attachment-thumbnail size-thumbnail\" alt=\"soldat lecture\" loading=\"lazy\" srcset=\"http:\/\/lettresoubliees1418.fr\/wordpress\/wp-content\/uploads\/2011\/03\/soldat-lecture-640x480-98x150.jpg 98w, http:\/\/lettresoubliees1418.fr\/wordpress\/wp-content\/uploads\/2011\/03\/soldat-lecture-640x480-197x300.jpg 197w, http:\/\/lettresoubliees1418.fr\/wordpress\/wp-content\/uploads\/2011\/03\/soldat-lecture-640x480.jpg 316w\" sizes=\"(max-width: 98px) 100vw, 98px\" \/><\/a>\n\t\t\t<\/dt><\/dl><dl class='gallery-item'>\n\t\t\t<dt class='gallery-icon portrait'>\n\t\t\t\t<a href='http:\/\/lettresoubliees1418.fr\/wordpress\/illustrations\/soldat-enfant-640x480\/'><img width=\"75\" height=\"150\" src=\"http:\/\/lettresoubliees1418.fr\/wordpress\/wp-content\/uploads\/2011\/03\/soldat-enfant-640x480-75x150.jpg\" class=\"attachment-thumbnail size-thumbnail\" alt=\"soldat enfant\" loading=\"lazy\" srcset=\"http:\/\/lettresoubliees1418.fr\/wordpress\/wp-content\/uploads\/2011\/03\/soldat-enfant-640x480-75x150.jpg 75w, http:\/\/lettresoubliees1418.fr\/wordpress\/wp-content\/uploads\/2011\/03\/soldat-enfant-640x480-151x300.jpg 151w\" sizes=\"(max-width: 75px) 100vw, 75px\" \/><\/a>\n\t\t\t<\/dt><\/dl><br style=\"clear: both\" \/><dl class='gallery-item'>\n\t\t\t<dt class='gallery-icon portrait'>\n\t\t\t\t<a href='http:\/\/lettresoubliees1418.fr\/wordpress\/illustrations\/enfant-soldat-et-tank-800x600\/'><img width=\"115\" height=\"150\" src=\"http:\/\/lettresoubliees1418.fr\/wordpress\/wp-content\/uploads\/2011\/03\/enfant-soldat-et-tank-800x600-115x150.jpg\" class=\"attachment-thumbnail size-thumbnail\" alt=\"enfant soldat et tank\" loading=\"lazy\" srcset=\"http:\/\/lettresoubliees1418.fr\/wordpress\/wp-content\/uploads\/2011\/03\/enfant-soldat-et-tank-800x600-115x150.jpg 115w, http:\/\/lettresoubliees1418.fr\/wordpress\/wp-content\/uploads\/2011\/03\/enfant-soldat-et-tank-800x600-230x300.jpg 230w, http:\/\/lettresoubliees1418.fr\/wordpress\/wp-content\/uploads\/2011\/03\/enfant-soldat-et-tank-800x600.jpg 461w\" sizes=\"(max-width: 115px) 100vw, 115px\" \/><\/a>\n\t\t\t<\/dt><\/dl><dl class='gallery-item'>\n\t\t\t<dt class='gallery-icon portrait'>\n\t\t\t\t<a href='http:\/\/lettresoubliees1418.fr\/wordpress\/illustrations\/soldat-pieds-dans-leau-800x600\/'><img width=\"116\" height=\"150\" src=\"http:\/\/lettresoubliees1418.fr\/wordpress\/wp-content\/uploads\/2011\/03\/soldat-pieds-dans-leau-800x600-116x150.jpg\" class=\"attachment-thumbnail size-thumbnail\" alt=\"soldat pieds dans l&#039;eau\" loading=\"lazy\" srcset=\"http:\/\/lettresoubliees1418.fr\/wordpress\/wp-content\/uploads\/2011\/03\/soldat-pieds-dans-leau-800x600-116x150.jpg 116w, http:\/\/lettresoubliees1418.fr\/wordpress\/wp-content\/uploads\/2011\/03\/soldat-pieds-dans-leau-800x600-232x300.jpg 232w, http:\/\/lettresoubliees1418.fr\/wordpress\/wp-content\/uploads\/2011\/03\/soldat-pieds-dans-leau-800x600.jpg 464w\" sizes=\"(max-width: 116px) 100vw, 116px\" \/><\/a>\n\t\t\t<\/dt><\/dl><dl class='gallery-item'>\n\t\t\t<dt class='gallery-icon landscape'>\n\t\t\t\t<a href='http:\/\/lettresoubliees1418.fr\/wordpress\/illustrations\/soldat-4-640x480\/'><img width=\"150\" height=\"63\" src=\"http:\/\/lettresoubliees1418.fr\/wordpress\/wp-content\/uploads\/2011\/03\/soldat-4-640x480-150x63.jpg\" class=\"attachment-thumbnail size-thumbnail\" alt=\"soldat 4\" loading=\"lazy\" srcset=\"http:\/\/lettresoubliees1418.fr\/wordpress\/wp-content\/uploads\/2011\/03\/soldat-4-640x480-150x63.jpg 150w, http:\/\/lettresoubliees1418.fr\/wordpress\/wp-content\/uploads\/2011\/03\/soldat-4-640x480-300x127.jpg 300w, http:\/\/lettresoubliees1418.fr\/wordpress\/wp-content\/uploads\/2011\/03\/soldat-4-640x480.jpg 640w\" sizes=\"(max-width: 150px) 100vw, 150px\" \/><\/a>\n\t\t\t<\/dt><\/dl><br style=\"clear: both\" \/><dl class='gallery-item'>\n\t\t\t<dt class='gallery-icon portrait'>\n\t\t\t\t<a href='http:\/\/lettresoubliees1418.fr\/wordpress\/illustrations\/soldat-3-640x480\/'><img width=\"112\" height=\"150\" src=\"http:\/\/lettresoubliees1418.fr\/wordpress\/wp-content\/uploads\/2011\/03\/soldat-3-640x480-112x150.jpg\" class=\"attachment-thumbnail size-thumbnail\" alt=\"soldat 3\" loading=\"lazy\" srcset=\"http:\/\/lettresoubliees1418.fr\/wordpress\/wp-content\/uploads\/2011\/03\/soldat-3-640x480-112x150.jpg 112w, http:\/\/lettresoubliees1418.fr\/wordpress\/wp-content\/uploads\/2011\/03\/soldat-3-640x480-225x300.jpg 225w, http:\/\/lettresoubliees1418.fr\/wordpress\/wp-content\/uploads\/2011\/03\/soldat-3-640x480.jpg 361w\" sizes=\"(max-width: 112px) 100vw, 112px\" \/><\/a>\n\t\t\t<\/dt><\/dl><dl class='gallery-item'>\n\t\t\t<dt class='gallery-icon portrait'>\n\t\t\t\t<a href='http:\/\/lettresoubliees1418.fr\/wordpress\/illustrations\/soldat-baionnette-640x480\/'><img width=\"109\" height=\"150\" src=\"http:\/\/lettresoubliees1418.fr\/wordpress\/wp-content\/uploads\/2011\/03\/soldat.ba\u00efonnette-640x480-109x150.jpg\" class=\"attachment-thumbnail size-thumbnail\" alt=\"soldat.ba\u00efonnette\" loading=\"lazy\" srcset=\"http:\/\/lettresoubliees1418.fr\/wordpress\/wp-content\/uploads\/2011\/03\/soldat.ba\u00efonnette-640x480-109x150.jpg 109w, http:\/\/lettresoubliees1418.fr\/wordpress\/wp-content\/uploads\/2011\/03\/soldat.ba\u00efonnette-640x480-218x300.jpg 218w, http:\/\/lettresoubliees1418.fr\/wordpress\/wp-content\/uploads\/2011\/03\/soldat.ba\u00efonnette-640x480.jpg 350w\" sizes=\"(max-width: 109px) 100vw, 109px\" \/><\/a>\n\t\t\t<\/dt><\/dl><dl class='gallery-item'>\n\t\t\t<dt class='gallery-icon landscape'>\n\t\t\t\t<a href='http:\/\/lettresoubliees1418.fr\/wordpress\/illustrations\/marcel-et-emilie-640x480\/'><img width=\"150\" height=\"130\" src=\"http:\/\/lettresoubliees1418.fr\/wordpress\/wp-content\/uploads\/2011\/03\/marcel-et-\u00e9milie-640x480-150x130.jpg\" class=\"attachment-thumbnail size-thumbnail\" alt=\"Marcel et Emilie\" loading=\"lazy\" srcset=\"http:\/\/lettresoubliees1418.fr\/wordpress\/wp-content\/uploads\/2011\/03\/marcel-et-\u00e9milie-640x480-150x130.jpg 150w, http:\/\/lettresoubliees1418.fr\/wordpress\/wp-content\/uploads\/2011\/03\/marcel-et-\u00e9milie-640x480-300x261.jpg 300w, http:\/\/lettresoubliees1418.fr\/wordpress\/wp-content\/uploads\/2011\/03\/marcel-et-\u00e9milie-640x480.jpg 551w\" sizes=\"(max-width: 150px) 100vw, 150px\" \/><\/a>\n\t\t\t<\/dt><\/dl><br style=\"clear: both\" \/><dl class='gallery-item'>\n\t\t\t<dt class='gallery-icon portrait'>\n\t\t\t\t<a href='http:\/\/lettresoubliees1418.fr\/wordpress\/illustrations\/famille_sibaud-640x480\/'><img width=\"113\" height=\"150\" src=\"http:\/\/lettresoubliees1418.fr\/wordpress\/wp-content\/uploads\/2011\/03\/famille_sibaud-640x480-113x150.jpg\" class=\"attachment-thumbnail size-thumbnail\" alt=\"Famille Sibaud\" loading=\"lazy\" srcset=\"http:\/\/lettresoubliees1418.fr\/wordpress\/wp-content\/uploads\/2011\/03\/famille_sibaud-640x480-113x150.jpg 113w, http:\/\/lettresoubliees1418.fr\/wordpress\/wp-content\/uploads\/2011\/03\/famille_sibaud-640x480-226x300.jpg 226w, http:\/\/lettresoubliees1418.fr\/wordpress\/wp-content\/uploads\/2011\/03\/famille_sibaud-640x480.jpg 362w\" sizes=\"(max-width: 113px) 100vw, 113px\" \/><\/a>\n\t\t\t<\/dt><\/dl><dl class='gallery-item'>\n\t\t\t<dt class='gallery-icon portrait'>\n\t\t\t\t<a href='http:\/\/lettresoubliees1418.fr\/wordpress\/illustrations\/emiliejeune-grosplan-640x480\/'><img width=\"111\" height=\"150\" src=\"http:\/\/lettresoubliees1418.fr\/wordpress\/wp-content\/uploads\/2011\/03\/\u00e9miliejeune-grosplan-640x480-111x150.jpg\" class=\"attachment-thumbnail size-thumbnail\" alt=\"Emilie jeune gros plan\" loading=\"lazy\" srcset=\"http:\/\/lettresoubliees1418.fr\/wordpress\/wp-content\/uploads\/2011\/03\/\u00e9miliejeune-grosplan-640x480-111x150.jpg 111w, http:\/\/lettresoubliees1418.fr\/wordpress\/wp-content\/uploads\/2011\/03\/\u00e9miliejeune-grosplan-640x480-222x300.jpg 222w, http:\/\/lettresoubliees1418.fr\/wordpress\/wp-content\/uploads\/2011\/03\/\u00e9miliejeune-grosplan-640x480.jpg 356w\" sizes=\"(max-width: 111px) 100vw, 111px\" \/><\/a>\n\t\t\t<\/dt><\/dl><dl class='gallery-item'>\n\t\t\t<dt class='gallery-icon portrait'>\n\t\t\t\t<a href='http:\/\/lettresoubliees1418.fr\/wordpress\/illustrations\/emilie-jeune-640x480\/'><img width=\"109\" height=\"150\" src=\"http:\/\/lettresoubliees1418.fr\/wordpress\/wp-content\/uploads\/2011\/03\/\u00e9milie-jeune-640x480-109x150.jpg\" class=\"attachment-thumbnail size-thumbnail\" alt=\"Emilie jeune\" loading=\"lazy\" srcset=\"http:\/\/lettresoubliees1418.fr\/wordpress\/wp-content\/uploads\/2011\/03\/\u00e9milie-jeune-640x480-109x150.jpg 109w, http:\/\/lettresoubliees1418.fr\/wordpress\/wp-content\/uploads\/2011\/03\/\u00e9milie-jeune-640x480-218x300.jpg 218w, http:\/\/lettresoubliees1418.fr\/wordpress\/wp-content\/uploads\/2011\/03\/\u00e9milie-jeune-640x480.jpg 349w\" sizes=\"(max-width: 109px) 100vw, 109px\" \/><\/a>\n\t\t\t<\/dt><\/dl><br style=\"clear: both\" \/><dl class='gallery-item'>\n\t\t\t<dt class='gallery-icon portrait'>\n\t\t\t\t<a href='http:\/\/lettresoubliees1418.fr\/wordpress\/illustrations\/avions-en-feu-800x600\/'><img width=\"116\" height=\"150\" src=\"http:\/\/lettresoubliees1418.fr\/wordpress\/wp-content\/uploads\/2011\/03\/avions-en-feu-800x600-116x150.jpg\" class=\"attachment-thumbnail size-thumbnail\" alt=\"avions en feu\" loading=\"lazy\" srcset=\"http:\/\/lettresoubliees1418.fr\/wordpress\/wp-content\/uploads\/2011\/03\/avions-en-feu-800x600-116x150.jpg 116w, http:\/\/lettresoubliees1418.fr\/wordpress\/wp-content\/uploads\/2011\/03\/avions-en-feu-800x600-232x300.jpg 232w, http:\/\/lettresoubliees1418.fr\/wordpress\/wp-content\/uploads\/2011\/03\/avions-en-feu-800x600.jpg 464w\" sizes=\"(max-width: 116px) 100vw, 116px\" \/><\/a>\n\t\t\t<\/dt><\/dl><dl class='gallery-item'>\n\t\t\t<dt class='gallery-icon portrait'>\n\t\t\t\t<a href='http:\/\/lettresoubliees1418.fr\/wordpress\/illustrations\/avion-en-fumee-jpgnoir-640x480\/'><img width=\"127\" height=\"150\" src=\"http:\/\/lettresoubliees1418.fr\/wordpress\/wp-content\/uploads\/2011\/03\/avion-en-fum\u00e9e.jpgnoir-640x480-127x150.jpg\" class=\"attachment-thumbnail size-thumbnail\" alt=\"avion en fum\u00e9e\" loading=\"lazy\" srcset=\"http:\/\/lettresoubliees1418.fr\/wordpress\/wp-content\/uploads\/2011\/03\/avion-en-fum\u00e9e.jpgnoir-640x480-127x150.jpg 127w, http:\/\/lettresoubliees1418.fr\/wordpress\/wp-content\/uploads\/2011\/03\/avion-en-fum\u00e9e.jpgnoir-640x480-254x300.jpg 254w, http:\/\/lettresoubliees1418.fr\/wordpress\/wp-content\/uploads\/2011\/03\/avion-en-fum\u00e9e.jpgnoir-640x480.jpg 407w\" sizes=\"(max-width: 127px) 100vw, 127px\" \/><\/a>\n\t\t\t<\/dt><\/dl><dl class='gallery-item'>\n\t\t\t<dt class='gallery-icon portrait'>\n\t\t\t\t<a href='http:\/\/lettresoubliees1418.fr\/wordpress\/illustrations\/avion-en-flamme-640x480\/'><img width=\"105\" height=\"150\" src=\"http:\/\/lettresoubliees1418.fr\/wordpress\/wp-content\/uploads\/2011\/03\/avion-en-flamme-640x480-105x150.jpg\" class=\"attachment-thumbnail size-thumbnail\" alt=\"avion en flamme\" loading=\"lazy\" srcset=\"http:\/\/lettresoubliees1418.fr\/wordpress\/wp-content\/uploads\/2011\/03\/avion-en-flamme-640x480-105x150.jpg 105w, http:\/\/lettresoubliees1418.fr\/wordpress\/wp-content\/uploads\/2011\/03\/avion-en-flamme-640x480-211x300.jpg 211w, http:\/\/lettresoubliees1418.fr\/wordpress\/wp-content\/uploads\/2011\/03\/avion-en-flamme-640x480.jpg 339w\" sizes=\"(max-width: 105px) 100vw, 105px\" \/><\/a>\n\t\t\t<\/dt><\/dl><br style=\"clear: both\" \/><dl class='gallery-item'>\n\t\t\t<dt class='gallery-icon portrait'>\n\t\t\t\t<a href='http:\/\/lettresoubliees1418.fr\/wordpress\/illustrations\/papillons-800x600\/'><img width=\"115\" height=\"150\" src=\"http:\/\/lettresoubliees1418.fr\/wordpress\/wp-content\/uploads\/2011\/03\/papillons-800x600-115x150.jpg\" class=\"attachment-thumbnail size-thumbnail\" alt=\"papillons\" loading=\"lazy\" srcset=\"http:\/\/lettresoubliees1418.fr\/wordpress\/wp-content\/uploads\/2011\/03\/papillons-800x600-115x150.jpg 115w, http:\/\/lettresoubliees1418.fr\/wordpress\/wp-content\/uploads\/2011\/03\/papillons-800x600-230x300.jpg 230w, http:\/\/lettresoubliees1418.fr\/wordpress\/wp-content\/uploads\/2011\/03\/papillons-800x600.jpg 461w\" sizes=\"(max-width: 115px) 100vw, 115px\" \/><\/a>\n\t\t\t<\/dt><\/dl><dl class='gallery-item'>\n\t\t\t<dt class='gallery-icon portrait'>\n\t\t\t\t<a href='http:\/\/lettresoubliees1418.fr\/wordpress\/illustrations\/oiseau-sur-barbele-800x600\/'><img width=\"116\" height=\"150\" src=\"http:\/\/lettresoubliees1418.fr\/wordpress\/wp-content\/uploads\/2011\/03\/oiseau-sur-barbel\u00e9-800x600-116x150.jpg\" class=\"attachment-thumbnail size-thumbnail\" alt=\"oiseau sur barbel\u00e9\" loading=\"lazy\" srcset=\"http:\/\/lettresoubliees1418.fr\/wordpress\/wp-content\/uploads\/2011\/03\/oiseau-sur-barbel\u00e9-800x600-116x150.jpg 116w, http:\/\/lettresoubliees1418.fr\/wordpress\/wp-content\/uploads\/2011\/03\/oiseau-sur-barbel\u00e9-800x600-232x300.jpg 232w, http:\/\/lettresoubliees1418.fr\/wordpress\/wp-content\/uploads\/2011\/03\/oiseau-sur-barbel\u00e9-800x600.jpg 464w\" sizes=\"(max-width: 116px) 100vw, 116px\" \/><\/a>\n\t\t\t<\/dt><\/dl><dl class='gallery-item'>\n\t\t\t<dt class='gallery-icon portrait'>\n\t\t\t\t<a href='http:\/\/lettresoubliees1418.fr\/wordpress\/illustrations\/grenouille-et-mitrailleur-800x600\/'><img width=\"131\" height=\"150\" src=\"http:\/\/lettresoubliees1418.fr\/wordpress\/wp-content\/uploads\/2011\/03\/grenouille-et-mitrailleur-800x600-131x150.jpg\" class=\"attachment-thumbnail size-thumbnail\" alt=\"grenouille et mitrailleur\" loading=\"lazy\" srcset=\"http:\/\/lettresoubliees1418.fr\/wordpress\/wp-content\/uploads\/2011\/03\/grenouille-et-mitrailleur-800x600-131x150.jpg 131w, http:\/\/lettresoubliees1418.fr\/wordpress\/wp-content\/uploads\/2011\/03\/grenouille-et-mitrailleur-800x600-263x300.jpg 263w, http:\/\/lettresoubliees1418.fr\/wordpress\/wp-content\/uploads\/2011\/03\/grenouille-et-mitrailleur-800x600.jpg 527w\" sizes=\"(max-width: 131px) 100vw, 131px\" \/><\/a>\n\t\t\t<\/dt><\/dl><br style=\"clear: both\" \/>\n\t\t<\/div>\n<br \/>\n<\/strong><\/p>\n<br \/><g:plusone size=\"\" href=\"http%3A%2F%2Flettresoubliees1418.fr%2Fwordpress%2Fillustrations%2F\"><\/g:plusone>","protected":false},"excerpt":{"rendered":"<p>Un des descendants de Marcel et Emilie Sibaud a souhait\u00e9 contribuer au site et nous consacrons \u00e0 son travail cette page \u00ab\u00a0Illustrations\u00a0\u00bb. Un grand merci \u00e0 Yves Fran\u00e7ois. Si d&rsquo;autres illustrateurs se sentent l&rsquo;\u00e2me cr\u00e9atrice, ils sont les bienvenus !<\/p>\n","protected":false},"author":1,"featured_media":0,"parent":0,"menu_order":4,"comment_status":"open","ping_status":"open","template":"","meta":[],"_links":{"self":[{"href":"http:\/\/lettresoubliees1418.fr\/wordpress\/wp-json\/wp\/v2\/pages\/27"}],"collection":[{"href":"http:\/\/lettresoubliees1418.fr\/wordpress\/wp-json\/wp\/v2\/pages"}],"about":[{"href":"http:\/\/lettresoubliees1418.fr\/wordpress\/wp-json\/wp\/v2\/types\/page"}],"author":[{"embeddable":true,"href":"http:\/\/lettresoubliees1418.fr\/wordpress\/wp-json\/wp\/v2\/users\/1"}],"replies":[{"embeddable":true,"href":"http:\/\/lettresoubliees1418.fr\/wordpress\/wp-json\/wp\/v2\/comments?post=27"}],"version-history":[{"count":4,"href":"http:\/\/lettresoubliees1418.fr\/wordpress\/wp-json\/wp\/v2\/pages\/27\/revisions"}],"predecessor-version":[{"id":236,"href":"http:\/\/lettresoubliees1418.fr\/wordpress\/wp-json\/wp\/v2\/pages\/27\/revisions\/236"}],"wp:attachment":[{"href":"http:\/\/lettresoubliees1418.fr\/wordpress\/wp-json\/wp\/v2\/media?parent=27"}],"curies":[{"name":"wp","href":"https:\/\/api.w.org\/{rel}","templated":true}]}}