{"id":2,"date":"2011-03-26T16:32:25","date_gmt":"2011-03-26T16:32:25","guid":{"rendered":"http:\/\/lettresoubliees1418.fr\/wordpress\/?page_id=2"},"modified":"2011-03-26T17:02:51","modified_gmt":"2011-03-26T17:02:51","slug":"page-d-exemple","status":"publish","type":"page","link":"http:\/\/lettresoubliees1418.fr\/wordpress\/page-d-exemple\/","title":{"rendered":"Lettres | Le Projet"},"content":{"rendered":"<h3><a href=\"http:\/\/lettresoubliees1418.fr\/wordpress\/wp-content\/uploads\/2011\/03\/IMG_2082-640x480.jpg\"><img loading=\"lazy\" class=\"alignleft size-thumbnail wp-image-6\" title=\"Marcel et Emilie pendant la guerre\" src=\"http:\/\/lettresoubliees1418.fr\/wordpress\/wp-content\/uploads\/2011\/03\/IMG_2082-640x480-150x150.jpg\" alt=\"Marcel et Emilie pendant la guerre\" width=\"150\" height=\"150\" \/><\/a>Pourquoi ce site ?<\/h3>\n<p style=\"text-align: justify;\">Sortir  de l&rsquo;oubli ces lettres, c&rsquo;est redonner vie \u00e0 des \u00eatres qui furent de  chair et de sang et qui ne sont plus aujourd&rsquo;hui que l\u00e9g\u00e8re poussi\u00e8re.  Sans eux pourtant nous n&rsquo;existerions pas physiquement, sans leurs  exp\u00e9riences et leurs enseignements nous serions diff\u00e9rents de ce que  nous sommes, sans leur abn\u00e9gation et leurs sacrifices nous ne  conna\u00eetrions pas le monde tel que nous le vivons. Sans parler de devoir  de m\u00e9moire, nous devons tout simplement nous souvenir et faire en sorte  que ces \u00ab\u00a0lettres\u00a0\u00bb et tout leur poids d&rsquo;esp\u00e9rance, de joie mais aussi de  souffrance et de peine, ne restent pas lettre morte.<\/p>\n<h3>De quoi s&rsquo;agit-il ?<\/h3>\n<p style=\"text-align: justify;\">Ces  lettres n&rsquo;\u00e9taient pas tout \u00e0 fait oubli\u00e9es, disons qu&rsquo;elles dormaient de  ce sommeil qui peut parfois s&rsquo;\u00e9terniser \u00e0 tel point qu&rsquo;il s&rsquo;apparente \u00e0  l&rsquo;absence. Oubli\u00e9es, elles ne le sont plus avec ce site.<br \/>\nCes lettres sont donc\u00a0 extraites d&rsquo;une correspondance qui s&rsquo;\u00e9tend bien  au-del\u00e0 de 1918 puisqu&rsquo;elle couvre m\u00eame la p\u00e9riode de l&rsquo;occupation  durant la seconde guerre mondiale.<br \/>\nAlors pourquoi s&rsquo;arr\u00eater sur cette p\u00e9riode de la Premi\u00e8re grande guerre mondiale ?<br \/>\nEn fait, il s&rsquo;agit moins d&rsquo;une correspondance de guerre que de lettres  d&rsquo;amour \u00e9chang\u00e9es entre deux \u00eatres qui, \u00e0 cette \u00e9poque, vivent d\u00e9j\u00e0  depuis un certain temps cet amour et vont le perp\u00e9tuer encore cinquante  ann\u00e9es de plus.<br \/>\nCes lettres d&rsquo;amour prennent une r\u00e9sonance particuli\u00e8re entre 1914 et  1918 car quasi quotidiennes, elles s&rsquo;inscrivent dans un triple contexte.  Lettres intimes comme des milliers d&rsquo;autres, elles t\u00e9moignent de  l&rsquo;intrication du roman familial et du roman national dans le cadre d&rsquo;un  cataclysme mondial. Aussi, ces lettres d&rsquo;amour couvrent-elles le spectre  de tous les amours possibles : amour de l&rsquo;\u00eatre cher, amour des enfants,  amour du pays, amour d&rsquo;une fraternit\u00e9 des tranch\u00e9es. Dans ce court laps  de temps objectif, quatre ann\u00e9es, mais une \u00e9ternit\u00e9 pour ceux qui  v\u00e9curent cette p\u00e9riode, ces lettres repr\u00e9sentent une concentration  d&rsquo;\u00e9motions telle que le 20\u00e8me si\u00e8cle en donnera peu d&rsquo;autres exemples.  Elles sont l&rsquo;exemple unique dans ce cas particulier de Marcel et  d&rsquo;Emilie, d&rsquo;un va et vient permanent de courrier facilit\u00e9 par une  proximit\u00e9 g\u00e9ographique n&rsquo;exc\u00e9dant pas trois cent kilom\u00e8tres, et pourtant  r\u00e9v\u00e9lateur de deux mondes parall\u00e8les et incompr\u00e9hensibles l&rsquo;un pour  l&rsquo;autre. Le monde du \u00ab\u00a0front\u00a0\u00bb est hallucin\u00e9 et hallucinant, celui de  \u00ab\u00a0l&rsquo;arri\u00e8re\u00a0\u00bb est un monde normal o\u00f9 une forme de peur et d&rsquo;angoisse  r\u00e9gente la vie de tous les jours de gens ordinaires.<br \/>\nTr\u00e8s loin des pol\u00e9miques, des prises de positions id\u00e9ologiques, ces  lettres d&rsquo;un officier r\u00e9serv\u00e9 par nature et par devoir \u00e0 sa jeune \u00e9pouse  de vingt-cinq ans dont deux des trois enfants vont naitre durant le  conflit, racontent les angoisses et les horreurs de la guerre et de  l&rsquo;attente avec une retenue et une pudeur qui leur donnent d&rsquo;autant plus  de force.<\/p>\n<p><strong>Texte : Eric Fran\u00e7ois &#8211; Petit-fils de Marcel et Emilie Sibaud, fils de Ren\u00e9 et Monique Fran\u00e7ois.<\/strong><\/p>\n<br \/><g:plusone size=\"\" href=\"http%3A%2F%2Flettresoubliees1418.fr%2Fwordpress%2Fpage-d-exemple%2F\"><\/g:plusone>","protected":false},"excerpt":{"rendered":"<p>Pourquoi ce site ? Sortir de l&rsquo;oubli ces lettres, c&rsquo;est redonner vie \u00e0 des \u00eatres qui furent de chair et de sang et qui ne sont plus aujourd&rsquo;hui que l\u00e9g\u00e8re poussi\u00e8re. Sans eux pourtant nous n&rsquo;existerions pas physiquement, sans leurs &hellip; <a href=\"http:\/\/lettresoubliees1418.fr\/wordpress\/page-d-exemple\/\">Continue reading <span class=\"meta-nav\">&rarr;<\/span><\/a><\/p>\n","protected":false},"author":1,"featured_media":0,"parent":0,"menu_order":1,"comment_status":"open","ping_status":"closed","template":"","meta":[],"_links":{"self":[{"href":"http:\/\/lettresoubliees1418.fr\/wordpress\/wp-json\/wp\/v2\/pages\/2"}],"collection":[{"href":"http:\/\/lettresoubliees1418.fr\/wordpress\/wp-json\/wp\/v2\/pages"}],"about":[{"href":"http:\/\/lettresoubliees1418.fr\/wordpress\/wp-json\/wp\/v2\/types\/page"}],"author":[{"embeddable":true,"href":"http:\/\/lettresoubliees1418.fr\/wordpress\/wp-json\/wp\/v2\/users\/1"}],"replies":[{"embeddable":true,"href":"http:\/\/lettresoubliees1418.fr\/wordpress\/wp-json\/wp\/v2\/comments?post=2"}],"version-history":[{"count":3,"href":"http:\/\/lettresoubliees1418.fr\/wordpress\/wp-json\/wp\/v2\/pages\/2\/revisions"}],"predecessor-version":[{"id":5,"href":"http:\/\/lettresoubliees1418.fr\/wordpress\/wp-json\/wp\/v2\/pages\/2\/revisions\/5"}],"wp:attachment":[{"href":"http:\/\/lettresoubliees1418.fr\/wordpress\/wp-json\/wp\/v2\/media?parent=2"}],"curies":[{"name":"wp","href":"https:\/\/api.w.org\/{rel}","templated":true}]}}